{"id":360,"date":"2015-12-24T15:24:47","date_gmt":"2015-12-24T14:24:47","guid":{"rendered":"http:\/\/www.die-erfolgs-strategie.de\/trading-strategie\/?page_id=360"},"modified":"2016-12-10T17:56:15","modified_gmt":"2016-12-10T16:56:15","slug":"trading-strategie-performance-2016","status":"publish","type":"page","link":"https:\/\/www.die-erfolgs-strategie.de\/trading-strategie\/trading-strategie-performance-2016\/","title":{"rendered":"Trading Strategie \u2013 Performance &#8211; 2016"},"content":{"rendered":"<table>\n<tbody>\n<tr>\n<td><strong>Jahr:<\/strong><\/td>\n<td>2016<\/td>\n<td><strong>Aktuelles Datum:<\/strong><\/td>\n<td><script type=\"text\/javascript\">\/\/ <![CDATA[ var d = new Date(); document.write(d.getDate()+\".\"+d.getMonth()+\".\"+(d.getYear()+1900)); \/\/ ]]><\/script><\/td>\n<td><\/td>\n<td><\/td>\n<td><\/td>\n<td><\/td>\n<td><\/td>\n<\/tr>\n<tr>\n<td><\/td>\n<td><\/td>\n<td><\/td>\n<td><\/td>\n<td><\/td>\n<td><\/td>\n<td><\/td>\n<td><\/td>\n<td><\/td>\n<\/tr>\n<tr>\n<td>Monat<\/td>\n<td>Woche<\/td>\n<td>Profit\/Woche<\/td>\n<td>Wochenbericht<\/td>\n<td><\/td>\n<td>Monat<\/td>\n<td>Woche<\/td>\n<td>Profit\/Woche<\/td>\n<td>Link zur Seite<\/td>\n<\/tr>\n<tr>\n<td>Januar<\/td>\n<td align=\"right\">1<\/td>\n<td align=\"right\"><strong><span style=\"color: #008000;\">8,08<\/span>%<\/strong><\/td>\n<td><a href=\"http:\/\/www.die-erfolgs-strategie.de\/blog\/performance-trading-strategie\/vom-04-bis-08-januar-2016-2\/\">Januar Woche 1<\/a><\/td>\n<td><\/td>\n<td>Juli<\/td>\n<td align=\"right\">26<\/td>\n<td><strong><span style=\"color: #008000;\">3,10<\/span>%<\/strong><\/td>\n<td><a href=\"http:\/\/www.die-erfolgs-strategie.de\/blog\/performance-trading-strategie\/vom-04-bis-08-juli-2\/\">Juli Woche 1<\/a><\/td>\n<\/tr>\n<tr>\n<td><strong><span style=\"color: #008000;\">7,38<\/span>%<\/strong><\/td>\n<td align=\"right\">2<\/td>\n<td align=\"right\"><strong><span style=\"color: #008000;\">0,69<\/span>%<\/strong><\/td>\n<td><a href=\"http:\/\/www.die-erfolgs-strategie.de\/blog\/performance-trading-strategie\/vom-11-bis-15-januar-2016-2\/\">Januar Woche 2<\/a><\/td>\n<td><\/td>\n<td><strong><span style=\"color: #008000;\">22,84<\/span>%<\/strong><\/td>\n<td align=\"right\">27<\/td>\n<td><strong><span style=\"color: #008000;\">12,70<\/span>%<\/strong><\/td>\n<td><a href=\"http:\/\/www.die-erfolgs-strategie.de\/blog\/performance-trading-strategie\/vom-11-bis-15-juli-2\/\">Juli Woche 2<\/a><\/td>\n<\/tr>\n<tr>\n<td><\/td>\n<td align=\"right\">3<\/td>\n<td align=\"right\"><strong><span style=\"color: #ff0000;\"><span style=\"color: #000000;\">&#8211;<\/span>7,75<\/span>%<\/strong><\/td>\n<td><a href=\"http:\/\/www.die-erfolgs-strategie.de\/blog\/performance-trading-strategie\/vom-18-bis-22-januar-2016-2\/\">Januar Woche 3<\/a><\/td>\n<td><\/td>\n<td><\/td>\n<td align=\"right\">28<\/td>\n<td><strong><span style=\"color: #008000;\">3,22<\/span>%<\/strong><\/td>\n<td><a href=\"http:\/\/www.die-erfolgs-strategie.de\/blog\/performance-trading-strategie\/vom-18-bis-22-juli\/\">Juli Woche 3<\/a><\/td>\n<\/tr>\n<tr>\n<td><\/td>\n<td align=\"right\">4<\/td>\n<td align=\"right\"><strong><span style=\"color: #008000;\">5,10<\/span>%<\/strong><\/td>\n<td><a href=\"http:\/\/www.die-erfolgs-strategie.de\/blog\/performance-trading-strategie\/vom-25-bis-29-januar-2016-2\/\">Januar Woche 4<\/a><\/td>\n<td><\/td>\n<td><\/td>\n<td align=\"right\">29<\/td>\n<td><strong><span style=\"color: #008000;\">1,49<\/span>%<\/strong><\/td>\n<td><a href=\"http:\/\/www.die-erfolgs-strategie.de\/blog\/performance-trading-strategie\/vom-25-bis-29-juli-2\/\">Juli Woche 4<\/a><\/td>\n<\/tr>\n<tr>\n<td><\/td>\n<td><\/td>\n<td><\/td>\n<td><\/td>\n<td><\/td>\n<td><\/td>\n<td><\/td>\n<td><\/td>\n<td><\/td>\n<\/tr>\n<tr>\n<td>Februar<\/td>\n<td align=\"right\">5<\/td>\n<td align=\"right\"><strong><span style=\"color: #008000;\">4,11<\/span>%<\/strong><\/td>\n<td><a href=\"http:\/\/www.die-erfolgs-strategie.de\/blog\/performance-trading-strategie\/vom-01-bis-05-februar-2016-2\/\">Februar Woche 1<\/a><\/td>\n<td><\/td>\n<td><\/td>\n<td align=\"right\"><\/td>\n<td><\/td>\n<td><\/td>\n<\/tr>\n<tr>\n<td>\u00a0<strong><span style=\"color: #008000;\">5,83<\/span>%<\/strong><\/td>\n<td align=\"right\">6<\/td>\n<td align=\"right\"><strong><span style=\"color: #008000;\">0,91<\/span>%<\/strong><\/td>\n<td><a href=\"http:\/\/www.die-erfolgs-strategie.de\/blog\/performance-trading-strategie\/vom-08-bis-12-februar-2016-2\/\">Februar Woche 2<\/a><\/td>\n<td><\/td>\n<td>August<\/td>\n<td align=\"right\">30<\/td>\n<td><strong><span style=\"color: #008000;\">15,48<\/span>%<\/strong><\/td>\n<td><a href=\"http:\/\/www.die-erfolgs-strategie.de\/blog\/performance-trading-strategie\/vom-01-bis-05-august-2\/\">August Woche 1<\/a><\/td>\n<\/tr>\n<tr>\n<td><\/td>\n<td align=\"right\">7<\/td>\n<td align=\"right\"><strong><span style=\"color: #ff0000;\"><span style=\"color: #000000;\">&#8211;<\/span>1,78<\/span>%<\/strong><\/td>\n<td><a href=\"http:\/\/www.die-erfolgs-strategie.de\/blog\/performance-trading-strategie\/vom-15-bis-19-februar-2016-2\/\">Februar Woche 3<\/a><\/td>\n<td><\/td>\n<td><strong><span style=\"color: #008000;\">367,04<\/span>%<\/strong><\/td>\n<td align=\"right\">31<\/td>\n<td><strong><span style=\"color: #008000;\">45,13<\/span>%<\/strong><\/td>\n<td><a href=\"http:\/\/www.die-erfolgs-strategie.de\/blog\/performance-trading-strategie\/vom-08-bis-12-august\/\">August Woche 2<\/a><\/td>\n<\/tr>\n<tr>\n<td><\/td>\n<td align=\"right\">8<\/td>\n<td align=\"right\"><strong><span style=\"color: #008000;\">2,03<\/span>%<\/strong><\/td>\n<td><a href=\"http:\/\/www.die-erfolgs-strategie.de\/blog\/performance-trading-strategie\/vom-22-bis-26-februar-2016-2\/\">Februar Woche 4<\/a><\/td>\n<td><\/td>\n<td><\/td>\n<td align=\"right\">32<\/td>\n<td><strong><span style=\"color: #008000;\">17,44<\/span>%<\/strong><\/td>\n<td><a href=\"http:\/\/www.die-erfolgs-strategie.de\/blog\/performance-trading-strategie\/vom-15-bis-19-august\/\">August Woche 3<\/a><\/td>\n<\/tr>\n<tr>\n<td><\/td>\n<td><\/td>\n<td><\/td>\n<td><\/td>\n<td><\/td>\n<td><\/td>\n<td align=\"right\">33<\/td>\n<td><strong><span style=\"color: #008000;\">49,46<\/span>%<\/strong><\/td>\n<td><a href=\"http:\/\/www.die-erfolgs-strategie.de\/blog\/performance-trading-strategie\/vom-22-bis-26-august-2\/\">August Woche 4<\/a><\/td>\n<\/tr>\n<tr>\n<td><\/td>\n<td><\/td>\n<td><\/td>\n<td><\/td>\n<td><\/td>\n<td><\/td>\n<td>34<\/td>\n<td><strong><span style=\"color: #008000;\">24,77<\/span>%<\/strong><\/td>\n<td><a href=\"http:\/\/www.die-erfolgs-strategie.de\/blog\/performance-trading-strategie\/vom-29-august-bis-02-september\/\">August Woche 5<\/a><\/td>\n<\/tr>\n<tr>\n<td>M\u00e4rz<\/td>\n<td align=\"right\">9<\/td>\n<td align=\"right\"><strong><span style=\"color: #008000;\">11,44<\/span>%<\/strong><\/td>\n<td><a href=\"http:\/\/www.die-erfolgs-strategie.de\/blog\/performance-trading-strategie\/vom-29-februar-bis-4-maerz-2016\/\">M\u00e4rz Woche 1<\/a><\/td>\n<td><\/td>\n<td><\/td>\n<td><\/td>\n<td><\/td>\n<td><\/td>\n<\/tr>\n<tr>\n<td><strong><span style=\"color: #008000;\">55,63<\/span>%<\/strong><\/td>\n<td align=\"right\">10<\/td>\n<td align=\"right\"><strong><span style=\"color: #008000;\">38,19<\/span>%<\/strong><\/td>\n<td><a href=\"http:\/\/www.die-erfolgs-strategie.de\/blog\/performance-trading-strategie\/vom-07-bis-11-maerz-2016-2\/\" target=\"_blank\">M\u00e4rz Woche 2<\/a><\/td>\n<td><\/td>\n<td>September<\/td>\n<td align=\"right\">35<\/td>\n<td><strong><span style=\"color: #008000;\">23,48<\/span>%<\/strong><\/td>\n<td><a href=\"http:\/\/www.die-erfolgs-strategie.de\/blog\/performance-trading-strategie\/vom-05-bis-09-september-2\/\">September Woche 1<\/a><\/td>\n<\/tr>\n<tr>\n<td><\/td>\n<td align=\"right\">11<\/td>\n<td align=\"right\"><strong><span style=\"color: #008000;\">1,07<\/span>%<\/strong><\/td>\n<td><a href=\"http:\/\/www.die-erfolgs-strategie.de\/blog\/performance-trading-strategie\/vom-14-bis-18-maerz-2016-2\/\">M\u00e4rz Woche 3<\/a><\/td>\n<td><\/td>\n<td><strong><span style=\"color: #008000;\">15,09<\/span>%<\/strong><\/td>\n<td align=\"right\">36<\/td>\n<td><strong><span style=\"color: #ff0000;\"><span style=\"color: #000000;\">&#8211;<\/span>2,13<\/span>%<\/strong><\/td>\n<td><a href=\"http:\/\/www.die-erfolgs-strategie.de\/blog\/performance-trading-strategie\/vom-12-bis-16-september\/\">September Woche 2<\/a><\/td>\n<\/tr>\n<tr>\n<td><\/td>\n<td align=\"right\">12<\/td>\n<td align=\"right\"><strong><span style=\"color: #008000;\">3,15<\/span>%<\/strong><\/td>\n<td><a href=\"http:\/\/www.die-erfolgs-strategie.de\/blog\/performance-trading-strategie\/vom-21-bis-25-maerz-2016-2\/\" target=\"_blank\">M\u00e4rz Woche 4<\/a><\/td>\n<td><\/td>\n<td><\/td>\n<td align=\"right\">37<\/td>\n<td><strong><span style=\"color: #ff0000;\"><span style=\"color: #000000;\">&#8211;<\/span>1,05<\/span>%<\/strong><\/td>\n<td><a href=\"http:\/\/www.die-erfolgs-strategie.de\/blog\/performance-trading-strategie\/vom-19-bis-23-september\/\">September Woche 3<\/a><\/td>\n<\/tr>\n<tr>\n<td><\/td>\n<td align=\"right\">13<\/td>\n<td align=\"right\"><strong><span style=\"color: #008000;\">5,73<\/span>%<\/strong><\/td>\n<td><a href=\"http:\/\/www.die-erfolgs-strategie.de\/blog\/performance-trading-strategie\/vom-28-maerz-bis-01-april-2016-2\/\" target=\"_blank\">M\u00e4rz Woche 5<\/a><\/td>\n<td><\/td>\n<td><\/td>\n<td align=\"right\">38<\/td>\n<td><strong><span style=\"color: #ff0000;\"><span style=\"color: #000000;\">&#8211;<\/span>2,89<\/span>%<\/strong><\/td>\n<td><a href=\"http:\/\/www.die-erfolgs-strategie.de\/blog\/performance-trading-strategie\/vom-26-bis-30-september\/\" target=\"_blank\">September Woche 4<\/a><\/td>\n<\/tr>\n<tr>\n<td><\/td>\n<td><\/td>\n<td><\/td>\n<td><\/td>\n<td><\/td>\n<td><\/td>\n<td><\/td>\n<td><\/td>\n<td><\/td>\n<\/tr>\n<tr>\n<td>April<\/td>\n<td align=\"right\">14<\/td>\n<td align=\"right\"><strong><span style=\"color: #008000;\">1,43<\/span>%<\/strong><\/td>\n<td><a href=\"http:\/\/www.die-erfolgs-strategie.de\/blog\/performance-trading-strategie\/vom-4-bis-8-april\/\">April Woche 1<\/a><\/td>\n<td><\/td>\n<td>Oktober<\/td>\n<td align=\"right\">39<\/td>\n<td><strong><span style=\"color: #008000;\">3,02<\/span>%<\/strong><\/td>\n<td><a href=\"http:\/\/www.die-erfolgs-strategie.de\/blog\/performance-trading-strategie\/vom-03-bis-07-oktober\/\" target=\"_blank\">Oktober Woche 1<\/a><\/td>\n<\/tr>\n<tr>\n<td><strong><span style=\"color: #008000;\">19,34<\/span>%<\/strong><\/td>\n<td align=\"right\">15<\/td>\n<td align=\"right\"><strong><span style=\"color: #008000;\">10,48<\/span>%<\/strong><\/td>\n<td><a href=\"http:\/\/www.die-erfolgs-strategie.de\/blog\/performance-trading-strategie\/vom-11-bis-15-april-2\/\">April Woche 2<\/a><\/td>\n<td><\/td>\n<td><strong><span style=\"color: #008000;\">35,64<\/span>%<\/strong><\/td>\n<td align=\"right\">40<\/td>\n<td><strong><span style=\"color: #008000;\">8,72<\/span>%<\/strong><\/td>\n<td><a href=\"http:\/\/www.die-erfolgs-strategie.de\/blog\/performance-trading-strategie\/vom-10-bis-14-oktober\/\" target=\"_blank\">Oktober Woche 2<\/a><\/td>\n<\/tr>\n<tr>\n<td><\/td>\n<td align=\"right\">16<\/td>\n<td align=\"right\"><strong><span style=\"color: #008000;\">5,37<\/span>%<\/strong><\/td>\n<td><a href=\"http:\/\/www.die-erfolgs-strategie.de\/blog\/performance-trading-strategie\/vom-18-bis-22-april-2\/\">April Woche 3<\/a><\/td>\n<td><\/td>\n<td><\/td>\n<td align=\"right\">41<\/td>\n<td><strong><span style=\"color: #008000;\">12,24<\/span>%<\/strong><\/td>\n<td><a href=\"http:\/\/www.die-erfolgs-strategie.de\/blog\/performance-trading-strategie\/vom-17-bis-21-oktober\/\" target=\"_blank\">Oktober Woche 3<\/a><\/td>\n<\/tr>\n<tr>\n<td><\/td>\n<td align=\"right\">17<\/td>\n<td align=\"right\"><strong><span style=\"color: #ff0000;\"><span style=\"color: #000000;\">&#8211;<\/span>1,69<\/span>%<\/strong><\/td>\n<td><a href=\"http:\/\/www.die-erfolgs-strategie.de\/blog\/performance-trading-strategie\/vom-25-bis-29-april-2\/\">April Woche 4<\/a><\/td>\n<td><\/td>\n<td><\/td>\n<td align=\"right\">42<\/td>\n<td><strong><span style=\"color: #008000;\">6,04<\/span>%<\/strong><\/td>\n<td><a href=\"http:\/\/www.die-erfolgs-strategie.de\/blog\/performance-trading-strategie\/vom-24-bis-28-oktober\/\" target=\"_blank\">Oktober Woche 4<\/a><\/td>\n<\/tr>\n<tr>\n<td><\/td>\n<td><\/td>\n<td><\/td>\n<td><\/td>\n<td><\/td>\n<td><\/td>\n<td>43<\/td>\n<td><strong><span style=\"color: #008000;\">1,61<\/span>%<\/strong><\/td>\n<td><a href=\"http:\/\/www.die-erfolgs-strategie.de\/blog\/performance-trading-strategie\/vom-31-oktober-bis-04-november\/\" target=\"_blank\">Oktober Woche 5<\/a><\/td>\n<\/tr>\n<tr>\n<td>Mai<\/td>\n<td align=\"right\">18<\/td>\n<td align=\"right\"><strong><span style=\"color: #ff0000;\"><span style=\"color: #000000;\">&#8211;<\/span>1,13<\/span>%<\/strong><\/td>\n<td><a href=\"http:\/\/www.die-erfolgs-strategie.de\/blog\/performance-trading-strategie\/vom-02-bis-06-mai-2\/\">Mai Woche 1<\/a><\/td>\n<td><\/td>\n<td><\/td>\n<td align=\"right\"><\/td>\n<td><\/td>\n<td><\/td>\n<\/tr>\n<tr>\n<td><strong><span style=\"color: #008000;\">12,97<\/span>%<\/strong><\/td>\n<td align=\"right\">19<\/td>\n<td align=\"right\"><strong><span style=\"color: #ff0000;\"><span style=\"color: #000000;\">&#8211;<\/span>1,74<\/span>%<\/strong><\/td>\n<td><a href=\"http:\/\/www.die-erfolgs-strategie.de\/blog\/performance-trading-strategie\/vom-16-bis-20-mai-2\/\">Mai Woche 2<\/a><\/td>\n<td><\/td>\n<td>November<\/td>\n<td align=\"right\">44<\/td>\n<td><strong><span style=\"color: #008000;\">35,28<\/span>%<\/strong><\/td>\n<td><a href=\"http:\/\/www.die-erfolgs-strategie.de\/blog\/allgemein\/vom-07-bis-11-november\/\" target=\"_blank\">November Woche 1<\/a><\/td>\n<\/tr>\n<tr>\n<td><\/td>\n<td align=\"right\">20<\/td>\n<td align=\"right\"><strong><span style=\"color: #008000;\">9,03<\/span>%<\/strong><\/td>\n<td><a href=\"http:\/\/www.die-erfolgs-strategie.de\/blog\/performance-trading-strategie\/vom-23-bis-27-mai-2\/\">Mai Woche 3<\/a><\/td>\n<td><\/td>\n<td><strong><span style=\"color: #008000;\">42,48<\/span>%<\/strong><\/td>\n<td align=\"right\">45<\/td>\n<td><strong><span style=\"color: #008000;\">2,79<\/span>%<\/strong><\/td>\n<td><a href=\"http:\/\/www.die-erfolgs-strategie.de\/blog\/performance-trading-strategie\/vom-14-bis-18-november\/\" target=\"_blank\">November Woche 2<\/a><\/td>\n<\/tr>\n<tr>\n<td><\/td>\n<td align=\"right\">21<\/td>\n<td><strong><span style=\"color: #008000;\">5,11<\/span>%<\/strong><\/td>\n<td><a href=\"http:\/\/www.die-erfolgs-strategie.de\/blog\/performance-trading-strategie\/vom-27-mai-bis-03-juni\/\">Mai Woche 4<\/a><\/td>\n<td><\/td>\n<td><\/td>\n<td align=\"right\">46<\/td>\n<td><strong><span style=\"color: #008000;\">1,52<\/span>%<\/strong><\/td>\n<td><a href=\"http:\/\/www.die-erfolgs-strategie.de\/blog\/performance-trading-strategie\/vom-21-bis-25-november\/\" target=\"_blank\">November Woche 3<\/a><\/td>\n<\/tr>\n<tr>\n<td><\/td>\n<td><\/td>\n<td><\/td>\n<td><\/td>\n<td><\/td>\n<td><\/td>\n<td align=\"right\">47<\/td>\n<td><strong><span style=\"color: #008000;\">1,64<\/span>%<\/strong><\/td>\n<td><a href=\"http:\/\/www.die-erfolgs-strategie.de\/blog\/performance-trading-strategie\/vom-28-november-bis-02-dezember\/\" target=\"_blank\">November Woche 4<\/a><\/td>\n<\/tr>\n<tr>\n<td>\u00a0Juni<\/td>\n<td><\/td>\n<td><\/td>\n<td><\/td>\n<td><\/td>\n<td><\/td>\n<td><\/td>\n<td><\/td>\n<td><\/td>\n<\/tr>\n<tr>\n<td><span style=\"color: #008000;\"><strong>32,98<span style=\"color: #000000;\">%<\/span><\/strong><\/span><\/td>\n<td align=\"right\">22<\/td>\n<td><strong><span style=\"color: #ff0000;\"><span style=\"color: #000000;\">&#8211;<\/span>1,11<\/span>%<\/strong><\/td>\n<td><a href=\"http:\/\/www.die-erfolgs-strategie.de\/blog\/performance-trading-strategie\/vom-06-bis-10-juni-2\/\">Juni Woche 1<\/a><\/td>\n<td><\/td>\n<td><\/td>\n<td><\/td>\n<td><\/td>\n<td><\/td>\n<\/tr>\n<tr>\n<td><\/td>\n<td align=\"right\">23<\/td>\n<td><strong><span style=\"color: #008000;\">5,43<\/span>%<\/strong><\/td>\n<td><a href=\"http:\/\/www.die-erfolgs-strategie.de\/blog\/performance-trading-strategie\/vom-13-bis-17-juni-2\/\">Juni Woche 2<\/a><\/td>\n<td><\/td>\n<td>Dezember<\/td>\n<td align=\"right\">48<\/td>\n<td><strong><span style=\"color: #008000;\">14,62<\/span>%<\/strong><\/td>\n<td><a href=\"http:\/\/www.die-erfolgs-strategie.de\/blog\/performance-trading-strategie\/vom-05-bis-09-dezember\/\" target=\"_blank\">Dezember Woche 1<\/a><\/td>\n<\/tr>\n<tr>\n<td><\/td>\n<td align=\"right\">24<\/td>\n<td><strong><span style=\"color: #008000;\">15,10<\/span>%<\/strong><\/td>\n<td><a href=\"http:\/\/www.die-erfolgs-strategie.de\/blog\/performance-trading-strategie\/vom-20-bis-24-juni-2\/\">Juni Woche 3<\/a><\/td>\n<td><\/td>\n<td><strong><span style=\"color: #008000;\">14,62<\/span>%<\/strong><\/td>\n<td align=\"right\">49<\/td>\n<td><\/td>\n<td>Dezember Woche 2<\/td>\n<\/tr>\n<tr>\n<td><\/td>\n<td align=\"right\">25<\/td>\n<td><strong><span style=\"color: #008000;\">10,31<\/span>%<\/strong><\/td>\n<td><a href=\"http:\/\/www.die-erfolgs-strategie.de\/blog\/performance-trading-strategie\/vom-27-juni-bis-01-juli-2\/\">Juni Woche 4<\/a><\/td>\n<td><\/td>\n<td><\/td>\n<td align=\"right\">50<\/td>\n<td><\/td>\n<td>Dezember Woche 3<\/td>\n<\/tr>\n<tr>\n<td><\/td>\n<td><\/td>\n<td><\/td>\n<td><\/td>\n<td><\/td>\n<td><\/td>\n<td align=\"right\">51<\/td>\n<td><\/td>\n<td>Dezember Woche 4<\/td>\n<\/tr>\n<tr>\n<td><\/td>\n<td><\/td>\n<td><\/td>\n<td><\/td>\n<td><\/td>\n<td><\/td>\n<td>52<\/td>\n<td><\/td>\n<td>Dezember Woche 5<\/td>\n<\/tr>\n<tr>\n<td><strong> Jahr 2016<br \/>\n<\/strong><\/td>\n<td><strong>Gesamt<\/strong><\/td>\n<td><strong>Profit bis heute:<\/strong><\/td>\n<td><strong><span style=\"color: #008000;\">225,96<\/span>%<\/strong><\/td>\n<td><\/td>\n<td><\/td>\n<td><\/td>\n<td><\/td>\n<td><\/td>\n<\/tr>\n<\/tbody>\n<\/table>\n<h3>Trading Woche 24\/2016<\/h3>\n<p>Die Brexit Entscheidung in Gro\u00dfbritannien hat die B\u00f6rsen weltweit regelrecht ersch\u00fcttert. Das britische Pfund verlor \u00fcber 10% \u00fcber Nacht und auch der DAX gab um mehr als 8% nach. Die asiatischen B\u00f6rsen haben am intensivsten mit Verlusten reagiert.<\/p>\n","protected":false},"excerpt":{"rendered":"<p>Jahr: 2016 Aktuelles Datum: Monat Woche Profit\/Woche Wochenbericht Monat Woche Profit\/Woche Link zur Seite Januar 1 8,08% Januar Woche 1 Juli 26 3,10% Juli Woche 1 7,38% 2 0,69% Januar Woche 2 22,84% 27 12,70% Juli Woche 2 3 &#8211;7,75% Januar Woche 3 28 3,22% Juli Woche 3 4 5,10% Januar Woche 4 29 1,49% [&hellip;]<\/p>\n","protected":false},"author":1,"featured_media":0,"parent":0,"menu_order":0,"comment_status":"closed","ping_status":"closed","template":"template-full-width.php","meta":{"footnotes":""},"class_list":["post-360","page","type-page","status-publish","hentry"],"_links":{"self":[{"href":"https:\/\/www.die-erfolgs-strategie.de\/trading-strategie\/wp-json\/wp\/v2\/pages\/360","targetHints":{"allow":["GET"]}}],"collection":[{"href":"https:\/\/www.die-erfolgs-strategie.de\/trading-strategie\/wp-json\/wp\/v2\/pages"}],"about":[{"href":"https:\/\/www.die-erfolgs-strategie.de\/trading-strategie\/wp-json\/wp\/v2\/types\/page"}],"author":[{"embeddable":true,"href":"https:\/\/www.die-erfolgs-strategie.de\/trading-strategie\/wp-json\/wp\/v2\/users\/1"}],"replies":[{"embeddable":true,"href":"https:\/\/www.die-erfolgs-strategie.de\/trading-strategie\/wp-json\/wp\/v2\/comments?post=360"}],"version-history":[{"count":2,"href":"https:\/\/www.die-erfolgs-strategie.de\/trading-strategie\/wp-json\/wp\/v2\/pages\/360\/revisions"}],"predecessor-version":[{"id":1699,"href":"https:\/\/www.die-erfolgs-strategie.de\/trading-strategie\/wp-json\/wp\/v2\/pages\/360\/revisions\/1699"}],"wp:attachment":[{"href":"https:\/\/www.die-erfolgs-strategie.de\/trading-strategie\/wp-json\/wp\/v2\/media?parent=360"}],"curies":[{"name":"wp","href":"https:\/\/api.w.org\/{rel}","templated":true}]}}