{"id":21,"date":"2021-04-25T02:07:47","date_gmt":"2021-04-25T00:07:47","guid":{"rendered":"https:\/\/www.die-erfolgs-strategie.de\/mikro-placement-strategie\/?page_id=21"},"modified":"2021-04-25T02:07:47","modified_gmt":"2021-04-25T00:07:47","slug":"impressum","status":"publish","type":"page","link":"https:\/\/www.die-erfolgs-strategie.de\/mikro-placement-strategie\/impressum\/","title":{"rendered":"Impressum"},"content":{"rendered":"<p><strong>Herausgeber und verantwortlich f\u00fcr die Inhalte: <\/strong><\/p>\n<p>Die Internet Strategie<br \/>\nSchillerstrasse 8<br \/>\n64385 Reichelsheim<\/p>\n<p>&nbsp;<\/p>\n<p><strong>Mail:<\/strong> info@die-erfolgs-strategie.de<\/p>\n<p><strong>Internet:<\/strong> <a title=\"Die ErfolgsStrategie\" href=\"http:\/\/www.die-erfolgs-strategie.de\">www.die-erfolgs-strategie.de<\/a><\/p>\n<p>&nbsp;<\/p>\n<p><strong>Urheberrecht: <\/strong><\/p>\n<p>Alle Inhalte dieser Websites einschlie\u00dflich der Gestaltung und Programmierung unterliegen dem Urheberrecht (Copyright). Alle Rechte vorbehalten, alle Angaben ohne Gew\u00e4hr, \u00c4nderungen vorbehalten. Die Verwendung von Text- und Bildmaterial ist nur mit ausdr\u00fccklicher Genehmigung von J\u00f6rg Kunkel zul\u00e4ssig.<\/p>\n<p><strong>Haftung f\u00fcr Links:<\/strong><\/p>\n<p>Mit dem Urteil vom 12. Mai 1998 \u2013 312 O 85\/98 \u00ad \u2018Haftung f\u00fcr Links\u2019 \u00ad hat das Landgericht Hamburg entschieden, dass man durch die Ausbringung eines Links die Inhalte der gelinkten Seite ggf. mit zu verantworten hat. Dieses kann \u2013 so das LG \u2013 nur dadurch verhindert werden, dass man sich ausdr\u00fccklich von diesen Inhalten distanziert. Hiermit distanzieren ich mich ausdr\u00fccklich von allen Inhalten verlinkter Seiten oder Grafiken und mache mir diese keinesfalls zu eigen. S\u00e4mtliche Verst\u00f6\u00dfe gegen geltendes Recht, Sitte oder Moral, welche uns bekannt werden, haben sofortige L\u00f6schung von Links, Eintr\u00e4gen, Grafiken oder \u00e4hnlichem zur Folge.<\/p>\n<p>Bei direkten oder indirekten Verweisen auf fremde Internetseiten (\u201dLinks\u201d), die au\u00dferhalb des Verantwortungsbereiches von <a title=\"Die ErfolgsStrategie\" href=\"http:\/\/www.die-erfolgs-strategie.de\">www.die-erfolgs-strategie.de<\/a> liegen, w\u00fcrde eine Haftungsverpflichtung ausschlie\u00dflich dann in Kraft treten, wenn ich von den Inhalten Kenntnis h\u00e4tte und es technisch m\u00f6glich und zumutbar w\u00e4re, die Nutzung im Falle rechtswidriger Inhalte zu verhindern. Ich erkl\u00e4re daher ausdr\u00fccklich, dass zum Zeitpunkt der Linksetzung die entsprechenden verlinkten Seiten frei von illegalen Inhalten waren. Der Autor hat keinerlei Einfluss auf die aktuelle und zuk\u00fcnftige Gestaltung und auf die Inhalte der gelinkten\/verkn\u00fcpften Seiten. Deshalb distanziert er sich hiermit ausdr\u00fccklich von allen Inhalten aller gelinkten\/verkn\u00fcpften Seiten, die nach der Linksetzung ver\u00e4ndert wurden. Diese Feststellung gilt f\u00fcr alle innerhalb des eigenen Internetangebotes gesetzten Links und Verweise sowie f\u00fcr Fremdeintr\u00e4ge in vom Autor eingerichteten G\u00e4steb\u00fcchern, Diskussionsforen und Mailinglisten. F\u00fcr illegale, fehlerhafte oder unvollst\u00e4ndige Inhalte und insbesondere f\u00fcr Sch\u00e4den, die aus der Nutzung oder Nichtnutzung solcherart dargebotener Informationen entstehen, haftet allein der Anbieter der Seite, auf welche verwiesen wurde, nicht derjenige, der \u00fcber Links auf die jeweilige Ver\u00f6ffentlichung lediglich verweist.<\/p>\n","protected":false},"excerpt":{"rendered":"<p>Herausgeber und verantwortlich f\u00fcr die Inhalte: Die Internet Strategie Schillerstrasse 8 64385 Reichelsheim &nbsp; Mail: info@die-erfolgs-strategie.de Internet: www.die-erfolgs-strategie.de &nbsp; Urheberrecht: Alle Inhalte dieser Websites einschlie\u00dflich der Gestaltung und Programmierung unterliegen dem Urheberrecht (Copyright). Alle Rechte vorbehalten, alle Angaben ohne Gew\u00e4hr, \u00c4nderungen vorbehalten. Die Verwendung von Text- und Bildmaterial ist nur mit ausdr\u00fccklicher Genehmigung von J\u00f6rg [&hellip;]<\/p>\n","protected":false},"author":1,"featured_media":0,"parent":0,"menu_order":0,"comment_status":"closed","ping_status":"closed","template":"","meta":{"footnotes":""},"class_list":["post-21","page","type-page","status-publish","hentry"],"_links":{"self":[{"href":"https:\/\/www.die-erfolgs-strategie.de\/mikro-placement-strategie\/wp-json\/wp\/v2\/pages\/21","targetHints":{"allow":["GET"]}}],"collection":[{"href":"https:\/\/www.die-erfolgs-strategie.de\/mikro-placement-strategie\/wp-json\/wp\/v2\/pages"}],"about":[{"href":"https:\/\/www.die-erfolgs-strategie.de\/mikro-placement-strategie\/wp-json\/wp\/v2\/types\/page"}],"author":[{"embeddable":true,"href":"https:\/\/www.die-erfolgs-strategie.de\/mikro-placement-strategie\/wp-json\/wp\/v2\/users\/1"}],"replies":[{"embeddable":true,"href":"https:\/\/www.die-erfolgs-strategie.de\/mikro-placement-strategie\/wp-json\/wp\/v2\/comments?post=21"}],"version-history":[{"count":2,"href":"https:\/\/www.die-erfolgs-strategie.de\/mikro-placement-strategie\/wp-json\/wp\/v2\/pages\/21\/revisions"}],"predecessor-version":[{"id":236,"href":"https:\/\/www.die-erfolgs-strategie.de\/mikro-placement-strategie\/wp-json\/wp\/v2\/pages\/21\/revisions\/236"}],"wp:attachment":[{"href":"https:\/\/www.die-erfolgs-strategie.de\/mikro-placement-strategie\/wp-json\/wp\/v2\/media?parent=21"}],"curies":[{"name":"wp","href":"https:\/\/api.w.org\/{rel}","templated":true}]}}