{"id":184,"date":"2021-05-28T01:05:12","date_gmt":"2021-05-27T23:05:12","guid":{"rendered":"https:\/\/www.die-erfolgs-strategie.de\/mikro-placement-strategie\/?page_id=184"},"modified":"2021-05-28T17:09:03","modified_gmt":"2021-05-28T15:09:03","slug":"boersenstimmung","status":"publish","type":"page","link":"https:\/\/www.die-erfolgs-strategie.de\/mikro-placement-strategie\/boersenstimmung\/","title":{"rendered":"B\u00f6rsenstimmung"},"content":{"rendered":"<div style=\"width: 100%; padding: 10px 20px 20px; border: 2px solid grey; text-align: center;\">\n<h1>B\u00f6rsenstimmung im Kryptow\u00e4hrungsmarkt<\/h1>\n<\/div>\n<div style=\"width: 100%; margin-top: 15px; padding: 10px 20px 20px; border: 2px solid grey;\">\n<p>Der B\u00f6rsenstimmung ist ein ganz wichtiger Indikator f\u00fcr Trader oder Anleger. Insbesondere volatile M\u00e4rkte sind in Ihrer Entwicklung stark stimmungsabh\u00e4ngig. Ist die Stimmung gut, steigen die Kurse. \u00dcberdreht die Stimmung und wird euphorisch. Ist eine Korrektur f\u00e4llig.Fallen die Kurse, kommt zuerst Angst im Markt auf. Die Angst f\u00fchrt zur Panik, was die Kurse noch weiter fallen l\u00e4\u00dft. Sind die Kurse am Tiefpunkt und somit extrem g\u00fcnstig. Steigen viele wieder ein und das Spielchen beginnt von vorne.<\/p>\n<h2>Die Fear &amp; Greed B\u00f6rsenstimmung<\/h2>\n<p>Die B\u00f6rsenstimmung wird einmal t\u00e4glich neu berechnet und hier nat\u00fcrlich auch t\u00e4glich aktualisiert. Die Aktualisierung findest immer um 02:00 Uhr europ\u00e4ischer Zeit statt.<\/p>\n<\/div>\n<img decoding=\"async\" class=\"aligncenter\" src=\"https:\/\/alternative.me\/crypto\/fear-and-greed-index.png\" alt=\"Latest Crypto Fear &amp; Greed Index\" \/>\n<div style=\"width: 100%; margin-top: 15px; padding: 10px 20px 20px; border: 2px solid grey;\">\n<h3>Wie wird die B\u00f6rsenstimmung ermittelt?<\/h3>\n<p>Die B\u00f6rsenstimmung wird aus 5 verschiedenen Faktoren berechnet. Die Volatilit\u00e4t der vergangenen 30 bis 90 Tage. Ebenso die Daten der Marktdynamik flie\u00dfen in die Berechnung mit ein. \u00dcber eine Formel und den ermittelten Durchschnittsdaten der vergangenen 30 bis 90 Tage errechnet sich dann ein aktueller Wert.<\/p>\n<p>Angezeigt wird ein Wert zwischen 0 und 100. Wobei 0 f\u00fcr extreme Angst (Panik) steht und 100 f\u00fcr extrem gute Stimmung (Euphorie) steht.<\/p>\n<h3>Wie wird die B\u00f6rsenstimmung interpretiert?<\/h3>\n<p>Je h\u00f6her die B\u00f6rsenstimmung steigt, je wahrscheinlicher wird eine Korrektur. Je st\u00e4rker eine Korrektur ausf\u00e4llt, je mehr ger\u00e4t der Markt in Panik. Was zu weiteren un\u00fcberlegten Verk\u00e4ufen f\u00fchrt.<\/p>\n<p>Je mehr Panik im Markt ist, je g\u00fcnstiger wird ein erneuter Einstieg in den Markt.<\/p>\n<h3>Warum ist die B\u00f6rsenstimmung wichtig in Kryptow\u00e4hrungen?<\/h3>\n<p>Die Stimmung im Markt ist f\u00fcr den Anleger sehr wichtig, weil der Markt extrem stimmungsorientiert verl\u00e4uft. Die Kurse werden viel mehr von der B\u00f6rsenstimmung gepr\u00e4gt, als von Nachrichten der Unternehmen die Kryptow\u00e4hrungen anbieten.<\/p>\n<\/div>\n<div style=\"width: 100%; margin-top: 15px; padding: 10px 20px 20px; border: 2px solid grey;\">\n<h2>Meine Empfehlung<\/h2>\n<p>Speichere Dir den Link zu dieser Webseite ab und schau t\u00e4glich auf den Stimmungsbarometer. Lass die Entwicklung der B\u00f6rsenstimmung f\u00fcr Kryptow\u00e4hrungen mit in Deine Handelsentscheidungen f\u00fcr Kryptow\u00e4hrungen mit einflie\u00dfen.<\/p>\n<p>Eine Entscheidung f\u00fcr einen Einstieg oder die Mitnahme von Gewinnen, wird Dir wesentlich leichter fallen. Und noch viel wichtiger, Deine Trading Ergebnisse werden deutlich besser ausfallen. Weil Du immer ganz genau wei\u00dft, wie sich der Markt in den kommenden Tagen entwickeln wird.<\/p>\n<h2>Mikro Placement Strategie<\/h2>\n<p>Wenn Du auch gerne vom Markt der Kryptow\u00e4hrungen profitieren m\u00f6chtest, dann m\u00f6chte ich Dir mein Buch empfehlen: <a href=\"https:\/\/www.amazon.de\/dp\/B0948RP9HJ?tag=dieerfol0f-21&amp;linkCode=ogi&amp;th=1&amp;psc=1\" target=\"_blank\" rel=\"noopener\">\u201eMit 1.000\u20ac Startkapital zum B\u00f6rsenmillion\u00e4r.\u201c<\/a><\/p>\n<p>Dort erkl\u00e4re ich Dir, wie die <a href=\"https:\/\/www.die-erfolgs-strategie.de\/mikro-placement-strategie\/\">Mikro Placement Strategie<\/a> umgesetzt wird. Es handelt sich dabei um eine der einsteigerfreundlichsten Trading Strategien \u00fcberhaupt.<\/p>\n<\/div>\n","protected":false},"excerpt":{"rendered":"<p>B\u00f6rsenstimmung im Kryptow\u00e4hrungsmarkt Der B\u00f6rsenstimmung ist ein ganz wichtiger Indikator f\u00fcr Trader oder Anleger. Insbesondere volatile M\u00e4rkte sind in Ihrer Entwicklung stark stimmungsabh\u00e4ngig. Ist die Stimmung gut, steigen die Kurse. \u00dcberdreht die Stimmung und wird euphorisch. Ist eine Korrektur f\u00e4llig.Fallen die Kurse, kommt zuerst Angst im Markt auf. Die Angst f\u00fchrt zur Panik, was die [&hellip;]<\/p>\n","protected":false},"author":1,"featured_media":0,"parent":0,"menu_order":0,"comment_status":"closed","ping_status":"closed","template":"templates\/sidebar-right.php","meta":{"footnotes":""},"class_list":["post-184","page","type-page","status-publish","hentry"],"_links":{"self":[{"href":"https:\/\/www.die-erfolgs-strategie.de\/mikro-placement-strategie\/wp-json\/wp\/v2\/pages\/184","targetHints":{"allow":["GET"]}}],"collection":[{"href":"https:\/\/www.die-erfolgs-strategie.de\/mikro-placement-strategie\/wp-json\/wp\/v2\/pages"}],"about":[{"href":"https:\/\/www.die-erfolgs-strategie.de\/mikro-placement-strategie\/wp-json\/wp\/v2\/types\/page"}],"author":[{"embeddable":true,"href":"https:\/\/www.die-erfolgs-strategie.de\/mikro-placement-strategie\/wp-json\/wp\/v2\/users\/1"}],"replies":[{"embeddable":true,"href":"https:\/\/www.die-erfolgs-strategie.de\/mikro-placement-strategie\/wp-json\/wp\/v2\/comments?post=184"}],"version-history":[{"count":2,"href":"https:\/\/www.die-erfolgs-strategie.de\/mikro-placement-strategie\/wp-json\/wp\/v2\/pages\/184\/revisions"}],"predecessor-version":[{"id":210,"href":"https:\/\/www.die-erfolgs-strategie.de\/mikro-placement-strategie\/wp-json\/wp\/v2\/pages\/184\/revisions\/210"}],"wp:attachment":[{"href":"https:\/\/www.die-erfolgs-strategie.de\/mikro-placement-strategie\/wp-json\/wp\/v2\/media?parent=184"}],"curies":[{"name":"wp","href":"https:\/\/api.w.org\/{rel}","templated":true}]}}