{"id":170,"date":"2021-05-16T12:22:08","date_gmt":"2021-05-16T10:22:08","guid":{"rendered":"https:\/\/www.die-erfolgs-strategie.de\/mikro-placement-strategie\/?page_id=170"},"modified":"2021-05-28T01:10:04","modified_gmt":"2021-05-27T23:10:04","slug":"links","status":"publish","type":"page","link":"https:\/\/www.die-erfolgs-strategie.de\/mikro-placement-strategie\/links\/","title":{"rendered":"Links"},"content":{"rendered":"<h1>Linksammlung<\/h1>\n<p><img loading=\"lazy\" decoding=\"async\" class=\"alignright wp-image-171 size-full\" src=\"http:\/\/www.die-erfolgs-strategie.de\/mikro-placement-strategie\/files\/2021\/05\/links.png\" alt=\"Links\" width=\"250\" height=\"250\" srcset=\"https:\/\/www.die-erfolgs-strategie.de\/mikro-placement-strategie\/files\/2021\/05\/links.png 250w, https:\/\/www.die-erfolgs-strategie.de\/mikro-placement-strategie\/files\/2021\/05\/links-150x150.png 150w, https:\/\/www.die-erfolgs-strategie.de\/mikro-placement-strategie\/files\/2021\/05\/links-162x162.png 162w, https:\/\/www.die-erfolgs-strategie.de\/mikro-placement-strategie\/files\/2021\/05\/links-100x100.png 100w, https:\/\/www.die-erfolgs-strategie.de\/mikro-placement-strategie\/files\/2021\/05\/links-50x50.png 50w\" sizes=\"auto, (max-width: 250px) 100vw, 250px\" \/>Hier habe ich Dir eine kleine Linksammlung wichtiger Links zusammengestellt. Links welche Dir bei der Umsetzung der <a href=\"https:\/\/www.die-erfolgs-strategie.de\/mikro-placement-strategie\/\">Mikro Placement Strategie<\/a> behilflich sein k\u00f6nnen.<\/p>\n<h2>\u00dcberblick Marktkapitalsierung Krypto-W\u00e4hrungen<\/h2>\n<p>Hier sind alle Krypto-W\u00e4hrungen, im einzelnen, nach Ihrer Marktkapitalsierung und der Reihenfolge nach aufgelistet.<\/p>\n<p><a href=\"https:\/\/coinmarketcap.com\/\" target=\"_blank\" rel=\"noopener\">https:\/\/coinmarketcap.com\/<\/a><\/p>\n<h2>Chart Marktkapitalisierung Krypto-W\u00e4hrungen Global<\/h2>\n<p>Hier siehst Du die globale Marktkapitalisierung der Krypto-W\u00e4hrungen als Chart. Der Chart zeigt Dir wieviel Kapital im gesamten Krypto-W\u00e4hrungsmarkt aktuell investiert ist. Und wie er sich entwickelt. Das ist wichtig f\u00fcr Deine Analyse. Damit Du siehst ob der Markt aktuell w\u00e4chst oder eher schrumpft.<\/p>\n<p><a href=\"https:\/\/coinmarketcap.com\/charts\/\" target=\"_blank\" rel=\"noopener\">https:\/\/coinmarketcap.com\/charts\/<\/a><\/p>\n<h2>Der Crypto Fear &amp; Greed Index<\/h2>\n<p>Der Fear &amp; Greed Index ist ein sehr wichtiger Index. Er zeigt uns die Allgmeine Stimmung unter den Anlegern. Ist der Markt von stark euphorisch gepr\u00e4gt, dann d\u00fcrfte vermutlich bald eine starke Korrektur einsetzen. Ist er von extremer Angst gepr\u00e4gt, dann geht der Kurs bald wieder aufw\u00e4rts. Es lohnt sich den Fear &amp; Greed Index im Auge zu behalten. Dann wei\u00df man recht fr\u00fch, wie der Markt sich bewegt.<\/p>\n<p><a href=\"https:\/\/www.die-erfolgs-strategie.de\/mikro-placement-strategie\/boersenstimmung\/\">B\u00f6rsenstimmung<\/a><\/p>\n","protected":false},"excerpt":{"rendered":"<p>Linksammlung Hier habe ich Dir eine kleine Linksammlung wichtiger Links zusammengestellt. Links welche Dir bei der Umsetzung der Mikro Placement Strategie behilflich sein k\u00f6nnen. \u00dcberblick Marktkapitalsierung Krypto-W\u00e4hrungen Hier sind alle Krypto-W\u00e4hrungen, im einzelnen, nach Ihrer Marktkapitalsierung und der Reihenfolge nach aufgelistet. https:\/\/coinmarketcap.com\/ Chart Marktkapitalisierung Krypto-W\u00e4hrungen Global Hier siehst Du die globale Marktkapitalisierung der Krypto-W\u00e4hrungen als [&hellip;]<\/p>\n","protected":false},"author":1,"featured_media":171,"parent":0,"menu_order":0,"comment_status":"closed","ping_status":"closed","template":"templates\/sidebar-right.php","meta":{"footnotes":""},"class_list":["post-170","page","type-page","status-publish","has-post-thumbnail","hentry"],"_links":{"self":[{"href":"https:\/\/www.die-erfolgs-strategie.de\/mikro-placement-strategie\/wp-json\/wp\/v2\/pages\/170","targetHints":{"allow":["GET"]}}],"collection":[{"href":"https:\/\/www.die-erfolgs-strategie.de\/mikro-placement-strategie\/wp-json\/wp\/v2\/pages"}],"about":[{"href":"https:\/\/www.die-erfolgs-strategie.de\/mikro-placement-strategie\/wp-json\/wp\/v2\/types\/page"}],"author":[{"embeddable":true,"href":"https:\/\/www.die-erfolgs-strategie.de\/mikro-placement-strategie\/wp-json\/wp\/v2\/users\/1"}],"replies":[{"embeddable":true,"href":"https:\/\/www.die-erfolgs-strategie.de\/mikro-placement-strategie\/wp-json\/wp\/v2\/comments?post=170"}],"version-history":[{"count":2,"href":"https:\/\/www.die-erfolgs-strategie.de\/mikro-placement-strategie\/wp-json\/wp\/v2\/pages\/170\/revisions"}],"predecessor-version":[{"id":193,"href":"https:\/\/www.die-erfolgs-strategie.de\/mikro-placement-strategie\/wp-json\/wp\/v2\/pages\/170\/revisions\/193"}],"wp:featuredmedia":[{"embeddable":true,"href":"https:\/\/www.die-erfolgs-strategie.de\/mikro-placement-strategie\/wp-json\/wp\/v2\/media\/171"}],"wp:attachment":[{"href":"https:\/\/www.die-erfolgs-strategie.de\/mikro-placement-strategie\/wp-json\/wp\/v2\/media?parent=170"}],"curies":[{"name":"wp","href":"https:\/\/api.w.org\/{rel}","templated":true}]}}