{"id":15,"date":"2021-04-25T01:40:30","date_gmt":"2021-04-24T23:40:30","guid":{"rendered":"https:\/\/www.die-erfolgs-strategie.de\/mikro-placement-strategie\/?page_id=15"},"modified":"2021-09-14T17:08:12","modified_gmt":"2021-09-14T15:08:12","slug":"mikro-placement-strategie","status":"publish","type":"page","link":"https:\/\/www.die-erfolgs-strategie.de\/mikro-placement-strategie\/","title":{"rendered":"Mikro Placement Strategie"},"content":{"rendered":"<div style=\"width: 100%; padding: 10px 20px 20px; border: 2px solid grey; text-align: center;\">\n<h1>Die Mikro Placement Strategie<\/h1>\n<h2><span style=\"color: #800000;\">Mit 1.000\u20ac Startkapital zum B\u00f6rsen Million\u00e4r<\/span><\/h2>\n<\/div>\n<div style=\"width: 100%; margin-top: 15px; padding: 10px 20px 20px; border: 2px solid grey;\">\n<p><img loading=\"lazy\" decoding=\"async\" class=\"alignright wp-image-39 size-medium\" src=\"http:\/\/www.die-erfolgs-strategie.de\/mikro-placement-strategie\/files\/2021\/04\/Cover-ebook-Mit-1000-Startkapital-195x300.jpg\" alt=\"Mikro Placement Strategie\" width=\"195\" height=\"300\" srcset=\"https:\/\/www.die-erfolgs-strategie.de\/mikro-placement-strategie\/files\/2021\/04\/Cover-ebook-Mit-1000-Startkapital-195x300.jpg 195w, https:\/\/www.die-erfolgs-strategie.de\/mikro-placement-strategie\/files\/2021\/04\/Cover-ebook-Mit-1000-Startkapital-666x1024.jpg 666w, https:\/\/www.die-erfolgs-strategie.de\/mikro-placement-strategie\/files\/2021\/04\/Cover-ebook-Mit-1000-Startkapital-768x1182.jpg 768w, https:\/\/www.die-erfolgs-strategie.de\/mikro-placement-strategie\/files\/2021\/04\/Cover-ebook-Mit-1000-Startkapital-998x1536.jpg 998w, https:\/\/www.die-erfolgs-strategie.de\/mikro-placement-strategie\/files\/2021\/04\/Cover-ebook-Mit-1000-Startkapital-150x231.jpg 150w, https:\/\/www.die-erfolgs-strategie.de\/mikro-placement-strategie\/files\/2021\/04\/Cover-ebook-Mit-1000-Startkapital-360x554.jpg 360w, https:\/\/www.die-erfolgs-strategie.de\/mikro-placement-strategie\/files\/2021\/04\/Cover-ebook-Mit-1000-Startkapital-262x403.jpg 262w, https:\/\/www.die-erfolgs-strategie.de\/mikro-placement-strategie\/files\/2021\/04\/Cover-ebook-Mit-1000-Startkapital-162x249.jpg 162w, https:\/\/www.die-erfolgs-strategie.de\/mikro-placement-strategie\/files\/2021\/04\/Cover-ebook-Mit-1000-Startkapital-100x154.jpg 100w, https:\/\/www.die-erfolgs-strategie.de\/mikro-placement-strategie\/files\/2021\/04\/Cover-ebook-Mit-1000-Startkapital.jpg 1300w\" sizes=\"auto, (max-width: 195px) 100vw, 195px\" \/>Die Mikro Placement Strategie ist eine <em><strong>einsteigerfreundliche Trading Strategie<\/strong><\/em>. Weil sie auf einfache Regeln setzt. Geringes Risiko und maximale Rendite, ist das Ziel. Gerade f\u00fcr Einsteiger, ist es wichtig zu jedem Zeitpunkt exakt zu wissen, was man tun muss oder wie man reagieren soll.<\/p>\n<h2>Mikro Placement Strategie: <em>&#8222;Handeln wie die Profis&#8220;<\/em><\/h2>\n<p>Profite an der B\u00f6rse zu machen, ist nicht mehr nur Profis vorenthalten. Wir alle k\u00f6nnen inzwischen von den B\u00f6rsen profitieren. Doch man muss wissen, was zu tun ist. Daf\u00fcr braucht man eine Investitionsstrategie. Am besten funktioniert eine Strategie, bei der man zu jedem Zeitpunkt ganz genau wei\u00df, was zu tun ist.<\/p>\n<p><em><strong>Die B\u00f6rse mag keine Unsicherheiten und wir als Trader, m\u00f6gen Unsicherheiten an der B\u00f6rse ebensowenig.<\/strong><\/em><\/p>\n<p>Es gibt Trader die prozentual 3 oder 4stellige Gewinne j\u00e4hrlich erzielen. Und das nicht nur zuf\u00e4llig. Sie erreichen solche Gewinne ganz gezielt. Das hat auch nichts mit Gl\u00fcck zu tun. B\u00f6rsengl\u00fcck zieht schnell vorbei. Das h\u00e4ngt damit zusammen, dass erfolgreiche Trader immer systematisch handeln.<\/p>\n<h3>Das Geheimnis der Trader mit 1000% und mehr Gewinn j\u00e4hrlich!<\/h3>\n<p>Was ist das Geheimnis dieser Trader? Warum schaffen das nur so wenige? Der Grund ist darin zu finden, dass diese Trader absolut besonnen und v\u00f6llig emotionslos agieren. Sie halten sich konsequent an eine Strategie. In der Regel, an eine m\u00f6glichst risikoarme und renditeoptimierte Strategie.<\/p>\n<p>Gro\u00dfartige Trader, die gro\u00dfartige Gewinne erzielen. Gibt es nur wenige.<\/p>\n<p>Das liegt daran, weil nur wenige Menschen eine eiserne Disziplin besitzen. Die Disziplin, besonnen und emotionslos zu handeln, besitzen nur die wenigsten.<\/p>\n<p><em><strong>Damit ist jetzt Schluss.<\/strong><\/em><\/p>\n<p><em><strong>Die Mikro Placement Strategie zeigt Dir, wie erfolgreiche Trader vorgehen und enorm gro\u00dfe Renditen j\u00e4hrlich erwirtschaften.<\/strong><\/em><\/p>\n<\/div>\n<div style=\"width: 100%; margin-top: 15px; padding: 10px 20px 20px; border: 2px solid grey;\">\n<h2>Was macht strategisch professionelles Trading so profitabel?<\/h2>\n<p>Ein richtig gutes Immobilien Investment hat ca. 10% Rendite im Jahr. Da sind schon hochkar\u00e4tige Immobilien Investitionen. Ein perfekt platzierter Trade, schafft das manchmal in wenigen Stunden.<\/p>\n<p>Darin liegt der Grund, warum professionelle Trader eine so immens gro\u00dfe Rendite einfahren k\u00f6nnen.<\/p>\n<\/div>\n<div style=\"width: 100%; margin-top: 15px; padding: 10px 20px 10px;\"><div class=\"thumbnail thumbnail-74 product-list\">\n\t<div class=\"caption\">\n        <span class=\"badge-at pull-right\">Topseller - Nr.1 - Taschenbuch<\/span>\n\t\t<a title=\"Taschenbuch &#8211; Mikro Placement Strategie\" href=\"https:\/\/www.die-erfolgs-strategie.de\/mikro-placement-strategie\/produkt\/taschenbuch-mikro-placement-strategie\/\" class=\"product-title\" >\n            Taschenbuch &#8211; Mikro Placement Strategie        <\/a>\n\t\t\n\t\t<hr class=\"hidden-xs\">\n\t\t\n\t\t<div class=\"row\">\n\t\t\t<div class=\"col-md-3 col-sm-6\">\n\t\t\t\t<div class=\"img-list-wrapper\">\n\t\t\t\t\t<a title=\"Taschenbuch &#8211; Mikro Placement Strategie\" href=\"https:\/\/www.die-erfolgs-strategie.de\/mikro-placement-strategie\/produkt\/taschenbuch-mikro-placement-strategie\/\" >\n\t\t\t\t\t\t<img loading=\"lazy\" decoding=\"async\" width=\"162\" height=\"210\" src=\"https:\/\/www.die-erfolgs-strategie.de\/mikro-placement-strategie\/files\/2021\/05\/mikro-placement-strategie-mit-1-000e-startkapital-zum-boersen-millionaer-1-1-162x210.jpg\" class=\"img-responsive product-img wp-post-image\" alt=\"Mikro Placement Strategie: Mit 1.000\u20ac Startkapital zum B\u00f6rsen Million\u00e4r - 1\" srcset=\"https:\/\/www.die-erfolgs-strategie.de\/mikro-placement-strategie\/files\/2021\/05\/mikro-placement-strategie-mit-1-000e-startkapital-zum-boersen-millionaer-1-1-162x210.jpg 162w, https:\/\/www.die-erfolgs-strategie.de\/mikro-placement-strategie\/files\/2021\/05\/mikro-placement-strategie-mit-1-000e-startkapital-zum-boersen-millionaer-1-1-232x300.jpg 232w, https:\/\/www.die-erfolgs-strategie.de\/mikro-placement-strategie\/files\/2021\/05\/mikro-placement-strategie-mit-1-000e-startkapital-zum-boersen-millionaer-1-1-150x194.jpg 150w, https:\/\/www.die-erfolgs-strategie.de\/mikro-placement-strategie\/files\/2021\/05\/mikro-placement-strategie-mit-1-000e-startkapital-zum-boersen-millionaer-1-1-360x466.jpg 360w, https:\/\/www.die-erfolgs-strategie.de\/mikro-placement-strategie\/files\/2021\/05\/mikro-placement-strategie-mit-1-000e-startkapital-zum-boersen-millionaer-1-1-262x339.jpg 262w, https:\/\/www.die-erfolgs-strategie.de\/mikro-placement-strategie\/files\/2021\/05\/mikro-placement-strategie-mit-1-000e-startkapital-zum-boersen-millionaer-1-1-100x130.jpg 100w, https:\/\/www.die-erfolgs-strategie.de\/mikro-placement-strategie\/files\/2021\/05\/mikro-placement-strategie-mit-1-000e-startkapital-zum-boersen-millionaer-1-1.jpg 386w\" sizes=\"auto, (max-width: 162px) 100vw, 162px\" \/>\t\t\t\t\t<\/a>\n\t\t\t\t<\/div>\n\t\t\t<\/div>\n\t\t\t\n\t\t\t<div class=\"col-md-3 col-md-push-6 col-sm-6\">\n\t\t\t\t    <div class=\"product-price\">\n        <p class=\"price\">34,99 &euro;<\/p>\n        <small class=\"price-hint\"><\/small>    <\/div>\n\t\t\t\t<div class=\"product-rating\"><i class=\"fas fa-star\"><\/i><i class=\"fas fa-star\"><\/i><i class=\"fas fa-star\"><\/i><i class=\"fas fa-star\"><\/i><i class=\"fas fa-star\"><\/i><\/div>\n\t\t\t\t<hr class=\"hidden-xs\">\n\n\t\t\t\t<a href=\"https:\/\/www.die-erfolgs-strategie.de\/mikro-placement-strategie\/produkt\/taschenbuch-mikro-placement-strategie\/\" title=\"Taschenbuch &#8211; Mikro Placement Strategie\" class=\"btn btn-detail btn-block\">Details<\/a><a href=\"https:\/\/www.amazon.de\/dp\/B0948RP9HJ?tag=dieerfol0f-21&amp;linkCode=ogi&amp;th=1&amp;psc=1\" title=\"Taschenbuch &#8211; Mikro Placement Strategie\" class=\"btn btn-buy btn-block\" rel=\"sponsored noopener\" target=\"_blank\">Kaufen<\/a>\t\t\t<\/div>\n\t\t\t<div class=\"clearfix visible-sm\"><\/div>\n\t\t\t<div class=\"col-md-6 col-md-pull-3 hidden-xs\">\n\t\t\t\t\t\t\t<\/div>\n\t\t<\/div>\n\t<\/div>\n<\/div><\/div>\n<div style=\"width: 100%; margin-top: 15px; padding: 10px 20px 20px; border: 2px solid grey;\">\n<h2>Mikro Placement Strategie &#8211; <em>&#8222;<span style=\"color: #800000;\">Nr.1 f\u00fcr Trading Einsteiger<\/span>&#8222;<\/em><\/h2>\n<p>Die Mikro Placement Strategie ist deswegen so <em><strong>gut f\u00fcr Einsteiger geeignet<\/strong><\/em>, weil sie klare Handlungsanweisungen bereitstellt. Dabei handelt es sich um Anweisungen, die auch ein Einsteiger versteht und einfach umsetzen kann.<\/p>\n<p>Dazu kommt, dass man nicht mehr als 2x ca. 10 Minuten seiner Zeit am Tag ben\u00f6tigt. Sodass man auch <em><strong>nebenberuflich von den B\u00f6rsen profitieren<\/strong><\/em> kann. Ein weiterer wichtiger Punkt ist, dass man nicht viel Startkapital ben\u00f6tigt, um anfangen zu k\u00f6nnen.<\/p>\n<p>Ein ganz wichtiger Punkt ist auch, dass in die <em><strong>Mikro Placement Strategie<\/strong><\/em> einen Rettungsschirm beinhaltet. Dabei handelt es sich um eine Art Sicherheitssystem, sodass man selbst bei dramatischen Kursverlusten, diese Verluste schnell wieder ausgleichen kann.<\/p>\n<p>Die Trading Strategie ist einfach umsetzbar, extrem profitable und setzt dabei dennoch auf Sicherheit.<\/p>\n<\/div>\n","protected":false},"excerpt":{"rendered":"<p>Die Mikro Placement Strategie Mit 1.000\u20ac Startkapital zum B\u00f6rsen Million\u00e4r Die Mikro Placement Strategie ist eine einsteigerfreundliche Trading Strategie. Weil sie auf einfache Regeln setzt. Geringes Risiko und maximale Rendite, ist das Ziel. Gerade f\u00fcr Einsteiger, ist es wichtig zu jedem Zeitpunkt exakt zu wissen, was man tun muss oder wie man reagieren soll. Mikro [&hellip;]<\/p>\n","protected":false},"author":1,"featured_media":39,"parent":0,"menu_order":0,"comment_status":"closed","ping_status":"closed","template":"templates\/sidebar-right.php","meta":{"footnotes":""},"class_list":["post-15","page","type-page","status-publish","has-post-thumbnail","hentry"],"_links":{"self":[{"href":"https:\/\/www.die-erfolgs-strategie.de\/mikro-placement-strategie\/wp-json\/wp\/v2\/pages\/15","targetHints":{"allow":["GET"]}}],"collection":[{"href":"https:\/\/www.die-erfolgs-strategie.de\/mikro-placement-strategie\/wp-json\/wp\/v2\/pages"}],"about":[{"href":"https:\/\/www.die-erfolgs-strategie.de\/mikro-placement-strategie\/wp-json\/wp\/v2\/types\/page"}],"author":[{"embeddable":true,"href":"https:\/\/www.die-erfolgs-strategie.de\/mikro-placement-strategie\/wp-json\/wp\/v2\/users\/1"}],"replies":[{"embeddable":true,"href":"https:\/\/www.die-erfolgs-strategie.de\/mikro-placement-strategie\/wp-json\/wp\/v2\/comments?post=15"}],"version-history":[{"count":2,"href":"https:\/\/www.die-erfolgs-strategie.de\/mikro-placement-strategie\/wp-json\/wp\/v2\/pages\/15\/revisions"}],"predecessor-version":[{"id":215,"href":"https:\/\/www.die-erfolgs-strategie.de\/mikro-placement-strategie\/wp-json\/wp\/v2\/pages\/15\/revisions\/215"}],"wp:featuredmedia":[{"embeddable":true,"href":"https:\/\/www.die-erfolgs-strategie.de\/mikro-placement-strategie\/wp-json\/wp\/v2\/media\/39"}],"wp:attachment":[{"href":"https:\/\/www.die-erfolgs-strategie.de\/mikro-placement-strategie\/wp-json\/wp\/v2\/media?parent=15"}],"curies":[{"name":"wp","href":"https:\/\/api.w.org\/{rel}","templated":true}]}}