{"id":32,"date":"2015-04-23T20:05:08","date_gmt":"2015-04-23T18:05:08","guid":{"rendered":"http:\/\/www.die-erfolgs-strategie.de\/handel-mit-cfd\/?page_id=32"},"modified":"2015-05-19T22:32:40","modified_gmt":"2015-05-19T20:32:40","slug":"risiko-belehrung","status":"publish","type":"page","link":"https:\/\/www.die-erfolgs-strategie.de\/handel-mit-cfd\/risiko-belehrung\/","title":{"rendered":"Risiko &#8211; Belehrung"},"content":{"rendered":"<p>Der Handel am Devisenmarkt ist mit sehr hohen Risiken behaftet und deshalb nicht f\u00fcr jedermann geeignet. Es besteht jederzeit die M\u00f6glichkeit, dass Sie einen Verlust erleiden, der Ihre ganze Einlage betrifft, oder sogar dar\u00fcber hinausgeht.<\/p>\n<p>Sie sollten deshalb ausschliesslich Kapital investieren, dessen potenzieller Verlust Ihre finanziellen Verh\u00e4ltnisse in keiner Weise beeintr\u00e4chtigt. Bitte vergewissern Sie sich, dass Sie alle Risiken verstehen. Bei Fragen zu den Risiken kontaktieren Sie bitte Ihren Broker, dieser kl\u00e4rt Sie im Detail \u00fcber alle Risiken auf.<\/p>\n<p>Eventuell zus\u00e4tzlich verwendete Software oder Tools (Indikatoren, Scripte) sind deshalb ausschliesslich f\u00fcr Investoren geeignet, die sich \u00fcber s\u00e4mtliche Risiken bewusst sind und die mit dem Handel an den Finanzm\u00e4rkten entsprechend vertraut sind.<\/p>\n<p>Handelsergebnisse aus der Vergangenheit oder erzielte Renditen sind keine Garantie f\u00fcr eine zuk\u00fcnftige Entwicklung. Weder eine Performance auf Basis eines Backtests noch eine Performance auf Basis real erzeugter Trading-Ergebnisse ist ein sicherer Indikator f\u00fcr eine zuk\u00fcnftige Entwicklung.<\/p>\n<p>Es gibt keine Garantien, dass eines der angebotenen Software-Produkte best\u00e4ndige Gewinne erzielt. Die aufgef\u00fchrten Angaben dienen ausschliesslich zu Informationszwecken. Sie stellen weder ein Angebot noch eine Empfehlung zur Beanspruchung einer Dienstleistung oder zum Kauf bzw. Verkauf von Wertschriften \/ Finanzinstrumenten dar.<\/p>\n<p>Die <a title=\"Trading Strategie\" href=\"http:\/\/www.die-erfolgs-strategie.de\/\">www.die-erfolgs-strategie.de<\/a> \u00fcbernimmt keine Garantie f\u00fcr die Richtigkeit und Vollst\u00e4ndigkeit der Texte und Grafiken und lehnt jegliche Haftung f\u00fcr Verluste oder Sch\u00e4den jedweder Art ab, die direkt oder indirekt durch die Benutzung des Inhalts entstehen k\u00f6nnen.<\/p>\n","protected":false},"excerpt":{"rendered":"<p>Der Handel am Devisenmarkt ist mit sehr hohen Risiken behaftet und deshalb nicht f\u00fcr jedermann geeignet. Es besteht jederzeit die M\u00f6glichkeit, dass Sie einen Verlust erleiden, der Ihre ganze Einlage betrifft, oder sogar dar\u00fcber hinausgeht. Sie sollten deshalb ausschliesslich Kapital investieren, dessen potenzieller Verlust Ihre finanziellen Verh\u00e4ltnisse in keiner Weise beeintr\u00e4chtigt. Bitte vergewissern Sie sich, [&hellip;]<\/p>\n","protected":false},"author":1,"featured_media":0,"parent":0,"menu_order":0,"comment_status":"open","ping_status":"open","template":"","meta":{"footnotes":""},"class_list":["post-32","page","type-page","status-publish","hentry"],"_links":{"self":[{"href":"https:\/\/www.die-erfolgs-strategie.de\/handel-mit-cfd\/wp-json\/wp\/v2\/pages\/32","targetHints":{"allow":["GET"]}}],"collection":[{"href":"https:\/\/www.die-erfolgs-strategie.de\/handel-mit-cfd\/wp-json\/wp\/v2\/pages"}],"about":[{"href":"https:\/\/www.die-erfolgs-strategie.de\/handel-mit-cfd\/wp-json\/wp\/v2\/types\/page"}],"author":[{"embeddable":true,"href":"https:\/\/www.die-erfolgs-strategie.de\/handel-mit-cfd\/wp-json\/wp\/v2\/users\/1"}],"replies":[{"embeddable":true,"href":"https:\/\/www.die-erfolgs-strategie.de\/handel-mit-cfd\/wp-json\/wp\/v2\/comments?post=32"}],"version-history":[{"count":1,"href":"https:\/\/www.die-erfolgs-strategie.de\/handel-mit-cfd\/wp-json\/wp\/v2\/pages\/32\/revisions"}],"predecessor-version":[{"id":33,"href":"https:\/\/www.die-erfolgs-strategie.de\/handel-mit-cfd\/wp-json\/wp\/v2\/pages\/32\/revisions\/33"}],"wp:attachment":[{"href":"https:\/\/www.die-erfolgs-strategie.de\/handel-mit-cfd\/wp-json\/wp\/v2\/media?parent=32"}],"curies":[{"name":"wp","href":"https:\/\/api.w.org\/{rel}","templated":true}]}}